{"id":86,"date":"2024-07-30T07:28:32","date_gmt":"2024-07-30T05:28:32","guid":{"rendered":"http:\/\/bella-festa-24.de\/?page_id=86"},"modified":"2024-11-10T19:55:38","modified_gmt":"2024-11-10T18:55:38","slug":"infos","status":"publish","type":"page","link":"http:\/\/bella-festa-24.de\/?page_id=86","title":{"rendered":"Infos"},"content":{"rendered":"\n<p class=\"has-text-align-center\"><\/p>\n\n\n\n<div class=\"wp-block-columns is-layout-flex wp-container-core-columns-is-layout-9d6595d7 wp-block-columns-is-layout-flex\">\n<div class=\"wp-block-column is-layout-flow wp-block-column-is-layout-flow\" style=\"flex-basis:100%\">\n<figure class=\"wp-block-pullquote has-text-align-center has-normal-font-size\"><blockquote><p><br>Was ziehe ich an?<br><br><strong>Ihr habt alle sooooo toll ausgesehen.<\/strong><\/p><\/blockquote><\/figure>\n\n\n\n<figure class=\"wp-block-pullquote has-text-align-center has-normal-font-size\"><blockquote><p><br>Geschenke<br><br><strong>Vielen Dank f\u00fcr die zahlreichen und gro\u00dfz\u00fcgigen Geschenke!<\/strong><br><\/p><\/blockquote><\/figure>\n\n\n\n<figure class=\"wp-block-pullquote has-text-align-center has-normal-font-size\"><blockquote><p><br>Anleitung Bilder (Videoupload nicht m\u00f6glich)<br><br><strong>Bitte legt euch auf der Bilderseite einen <\/strong><a href=\"http:\/\/bella-festa-24.de\/bilder\/register.php\">Account<\/a><strong> an.<\/strong> <strong>\u00dcber das kleine <\/strong><a href=\"http:\/\/bella-festa-24.de\/bilder\/index.php?\/categories\/posted-monthly-list\">Kalendersymbol<\/a> <strong>rechts oben kann man sich dann alle Bilder eines Monats anzeigen lassen und links neben der Landesflagge dann einen Sammeldownload aller Bilder starten. Die Bilder k\u00f6nnen nat\u00fcrlich auch albumweise oder einzeln heruntergeladen werden.<\/strong> <strong>Wir haben die Bilder auch hochaufl\u00f6send, falls jemand sich weiter hinten im Bild entdeckt und davon gerne eine ordentliche Version h\u00e4tte, einfach anschnacken \ud83e\udd2a. Gerne d\u00fcrft Ihr eure Bilder auch hochladen, dass geht auch vom Smartphone aus.<\/strong> <strong>Bitte wundert euch nicht, wenn es nicht gleich klappt. Aus Sicherheitsgr\u00fcnden muss ich euch als Nutzer freischalten und eure Bilder erst genehmigen.<\/strong> <strong>Bitte gebt einigerma\u00dfen klare Namen an, sonst wei\u00df ich im Zweifelsfall nicht, wer Ihr seid \ud83d\ude2c. Alle eure eingegebenen Informationen und die Bilder bleiben auf meinem Server. Es wird nichts mit Google oder Co. geteilt <\/strong>\ud83d\ude09<\/p><\/blockquote><\/figure>\n\n\n\n<p><\/p>\n<\/div>\n<\/div>\n\n\n\n<p><\/p>\n","protected":false},"excerpt":{"rendered":"<p>Was ziehe ich an? Ihr habt alle sooooo toll ausgesehen. Geschenke Vielen Dank f\u00fcr die zahlreichen und gro\u00dfz\u00fcgigen Geschenke! Anleitung<\/p>\n<p class=\"more-link\"><a href=\"http:\/\/bella-festa-24.de\/?page_id=86\" class=\"readmore\">Continue reading<svg class=\"icon icon-arrow-right\" aria-hidden=\"true\" role=\"img\"> <use href=\"#icon-arrow-right\" xlink:href=\"#icon-arrow-right\"><\/use> <\/svg><span class=\"screen-reader-text\">Infos<\/span><\/a><\/p>\n","protected":false},"author":2,"featured_media":0,"parent":124,"menu_order":0,"comment_status":"closed","ping_status":"closed","template":"templates\/full-width-page.php","meta":{"footnotes":""},"class_list":["post-86","page","type-page","status-publish","hentry"],"_links":{"self":[{"href":"http:\/\/bella-festa-24.de\/index.php?rest_route=\/wp\/v2\/pages\/86","targetHints":{"allow":["GET"]}}],"collection":[{"href":"http:\/\/bella-festa-24.de\/index.php?rest_route=\/wp\/v2\/pages"}],"about":[{"href":"http:\/\/bella-festa-24.de\/index.php?rest_route=\/wp\/v2\/types\/page"}],"author":[{"embeddable":true,"href":"http:\/\/bella-festa-24.de\/index.php?rest_route=\/wp\/v2\/users\/2"}],"replies":[{"embeddable":true,"href":"http:\/\/bella-festa-24.de\/index.php?rest_route=%2Fwp%2Fv2%2Fcomments&post=86"}],"version-history":[{"count":9,"href":"http:\/\/bella-festa-24.de\/index.php?rest_route=\/wp\/v2\/pages\/86\/revisions"}],"predecessor-version":[{"id":274,"href":"http:\/\/bella-festa-24.de\/index.php?rest_route=\/wp\/v2\/pages\/86\/revisions\/274"}],"up":[{"embeddable":true,"href":"http:\/\/bella-festa-24.de\/index.php?rest_route=\/wp\/v2\/pages\/124"}],"wp:attachment":[{"href":"http:\/\/bella-festa-24.de\/index.php?rest_route=%2Fwp%2Fv2%2Fmedia&parent=86"}],"curies":[{"name":"wp","href":"https:\/\/api.w.org\/{rel}","templated":true}]}}